{"id":4280,"date":"2019-03-11T20:35:10","date_gmt":"2019-03-11T20:35:10","guid":{"rendered":"https:\/\/colibriwp-work.colibriwp.com\/designer-portfolio-i\/?page_id=1190"},"modified":"2026-01-11T15:51:58","modified_gmt":"2026-01-11T15:51:58","slug":"servizi","status":"publish","type":"page","link":"https:\/\/www.koncert.it\/?page_id=4280","title":{"rendered":"Servizi"},"content":{"rendered":"<div data-colibri-id=\"4280-c1\" class=\"style-669 style-local-4280-c1 position-relative\">\n  <!---->\n  <div data-colibri-component=\"section\" data-colibri-id=\"4280-c2\" id=\"cta\" class=\"h-section h-section-global-spacing d-flex align-items-lg-center align-items-md-center align-items-center style-764 style-local-4280-c2 position-relative\">\n    <!---->\n    <!---->\n    <div class=\"h-section-grid-container h-section-boxed-container\">\n      <div data-colibri-id=\"4280-c21\" class=\"h-row-container gutters-row-lg-2 gutters-row-md-2 gutters-row-2 gutters-row-v-lg-2 gutters-row-v-md-2 gutters-row-v-2 style-782 style-local-4280-c21 position-relative\">\n        <!---->\n        <div class=\"h-row justify-content-lg-center justify-content-md-center justify-content-center align-items-lg-stretch align-items-md-stretch align-items-stretch gutters-col-lg-2 gutters-col-md-2 gutters-col-2 gutters-col-v-lg-2 gutters-col-v-md-2 gutters-col-v-2\">\n          <!---->\n          <div class=\"h-column h-column-container d-flex h-col-lg-auto h-col-md-auto h-col-auto style-783-outer style-local-4280-c22-outer\">\n            <div data-colibri-id=\"4280-c22\" class=\"d-flex h-flex-basis h-column__inner h-px-lg-2 h-px-md-2 h-px-2 v-inner-lg-2 v-inner-md-2 v-inner-2 style-783 style-local-4280-c22 position-relative\">\n              <!---->\n              <!---->\n              <div class=\"w-100 h-y-container h-column__content h-column__v-align flex-basis-100 align-self-lg-start align-self-md-start align-self-start\">\n                <!---->\n                <div data-colibri-id=\"4280-c23\" class=\"h-lead h-text h-text-component style-789 style-local-4280-c23 giustificato position-relative h-element\">\n                  <!---->\n                  <!---->\n                  <div class=\"\">\n                    <p><span style=\"font-family: Muli;\">Tutti i nostri servizi sono indirizzati sia a persone fisiche sia ad aziende ed altri tipi di Enti. Vengono erogati principalmente in presenza presso i nostri <\/span>\n                      <a href=\"https:\/\/www.koncert.it\/wordpress?page_id=4632\"\n                        style=\"font-family: Muli; color: rgb(239, 133, 9);\"><strong>sportelli al pubblico<\/strong><\/a><span style=\"font-family: Muli;\">, nati per creare un punto di riferimento riguardo i temi energetici e la transizione energetica sui territori di lavoro della comunit\u00e0 energetica per tutti gli attori coinvolti. L\u2019attivit\u00e0 degli sportelli \u00e8 possibile grazie all\u2019impegno di un gruppo di soci attivi che li presiedono.<\/span><\/p>\n                  <\/div>\n                <\/div>\n                <div data-colibri-id=\"4280-c24\" class=\"h-global-transition-all h-heading style-1698 style-local-4280-c24 position-relative h-element\">\n                  <!---->\n                  <div class=\"h-heading__outer style-1698 style-local-4280-c24\">\n                    <!---->\n                    <!---->\n                    <h2 class=\"\"><span style=\"font-family: Muli;\">Cosa puoi trovare?<\/span><\/h2>\n                  <\/div>\n                <\/div>\n              <\/div>\n            <\/div>\n          <\/div>\n        <\/div>\n      <\/div>\n      <div data-colibri-id=\"4280-c3\" class=\"h-row-container gutters-row-lg-2 gutters-row-md-2 gutters-row-0 gutters-row-v-lg-2 gutters-row-v-md-2 gutters-row-v-2 style-765 style-local-4280-c3 position-relative\">\n        <!---->\n        <div class=\"h-row justify-content-lg-center justify-content-md-center justify-content-center align-items-lg-stretch align-items-md-stretch align-items-stretch gutters-col-lg-2 gutters-col-md-2 gutters-col-0 gutters-col-v-lg-2 gutters-col-v-md-2 gutters-col-v-2\">\n          <!---->\n          <div class=\"h-column h-column-container d-flex h-col-lg-6 h-col-md-6 h-col-12 style-772-outer style-local-4280-c4-outer\">\n            <div data-colibri-id=\"4280-c4\" class=\"d-flex h-flex-basis h-column__inner h-px-lg-2 h-px-md-2 h-px-2 v-inner-lg-2 v-inner-md-2 v-inner-2 style-772 style-local-4280-c4 position-relative\">\n              <!---->\n              <!---->\n              <div class=\"w-100 h-y-container h-column__content h-column__v-align flex-basis-100 align-self-lg-start align-self-md-start align-self-start\">\n                <!---->\n                <div data-colibri-id=\"4280-c5\" class=\"h-icon style-767 style-local-4280-c5 position-relative h-element\">\n                  <!----><span class=\"h-svg-icon h-icon__icon style-767-icon style-local-4280-c5-icon\"><!--Icon by Linea (http:\/\/linea.io)--><svg version=\"1.1\" id=\"Layer_1\" xmlns=\"http:\/\/www.w3.org\/2000\/svg\" xmlns:xlink=\"http:\/\/www.w3.org\/1999\/xlink\" x=\"0px\" y=\"0px\" viewBox=\"0 0 64 64\" enable-background=\"new 0 0 64 64\" xml:space=\"preserve\">\n<g>\n\t<polygon points=\"47.707,25.707 46.146,24.293 39,31.293 39,32.707 46.146,39.707 47.634,38.293 42.414,33 64,33 64,31 42.414,31 \t\n\t\t\"><\/polygon>\n\t<polygon points=\"16.293,38.293 17.854,39.707 25,32.707 25,31.293 17.854,24.293 16.366,25.707 21.586,31 0,31 0,33 21.586,33 \t\"><\/polygon>\n\t<polygon points=\"31.293,39 24.293,46.146 25.707,47.634 31,42.414 31,64 33,64 33,42.414 38.293,47.707 39.707,46.146 32.707,39 \t\n\t\t\"><\/polygon>\n\t<polygon points=\"31,0 31,21.586 25.707,16.293 24.293,17.854 31.293,25 32.707,25 39.707,17.854 38.293,16.366 33,21.586 33,0 \t\"><\/polygon>\n<\/g>\n<\/svg>\n<\/span><\/div>\n                <div data-colibri-id=\"4280-c6\" class=\"h-global-transition-all h-heading style-768 style-local-4280-c6 position-relative h-element\">\n                  <!---->\n                  <div class=\"h-heading__outer style-768 style-local-4280-c6\">\n                    <!---->\n                    <!---->\n                    <h4 class=\"\"><span style=\"font-family: Muli; font-weight: 800;\">Informazioni<\/span><\/h4>\n                  <\/div>\n                <\/div>\n                <div data-colibri-id=\"4280-c7\" class=\"h-text h-text-component style-769 style-local-4280-c7 giustificato position-relative h-element\">\n                  <!---->\n                  <!---->\n                  <div class=\"\">\n                    <p><span style=\"font-family: Muli;\">sulla comunit\u00e0 energetica rinnovabile e il suo funzionamento, con possibilit\u00e0 di iscriversi come socio consumatore oppure prosumer o produttore. Se nel proprio Comune non \u00e8 ancora stato attivato il servizio, si pu\u00f2 diventare attivatori, per far crescere la CER sempre pi\u00f9!<\/span><\/p>\n                  <\/div>\n                <\/div>\n              <\/div>\n            <\/div>\n          <\/div>\n          <div class=\"h-column h-column-container d-flex h-col-lg-6 h-col-md-6 h-col-12 style-793-outer style-local-4280-c8-outer\">\n            <div data-colibri-id=\"4280-c8\" class=\"d-flex h-flex-basis h-column__inner h-px-lg-2 h-px-md-2 h-px-2 v-inner-lg-2 v-inner-md-2 v-inner-2 style-793 style-local-4280-c8 position-relative\">\n              <!---->\n              <!---->\n              <div class=\"w-100 h-y-container h-column__content h-column__v-align flex-basis-100 align-self-lg-start align-self-md-start align-self-start\">\n                <!---->\n                <div data-colibri-id=\"4280-c9\" class=\"h-icon style-776 style-local-4280-c9 position-relative h-element\">\n                  <!----><span class=\"h-svg-icon h-icon__icon style-776-icon style-local-4280-c9-icon\"><!--Icon by Linea (http:\/\/linea.io)--><svg version=\"1.1\" id=\"Layer_1\" xmlns=\"http:\/\/www.w3.org\/2000\/svg\" xmlns:xlink=\"http:\/\/www.w3.org\/1999\/xlink\" x=\"0px\" y=\"0px\" viewBox=\"0 0 64 64\" enable-background=\"new 0 0 64 64\" xml:space=\"preserve\">\n<g>\n\t<polygon points=\"31.967,61.554 18.707,48.293 17.293,49.87 31.26,64 32.674,64 46.675,49.837 45.261,48.342 \t\"><\/polygon>\n\t<polygon points=\"31.325,0 17.293,14.163 18.707,15.642 32.032,2.349 45.325,15.659 46.739,14.122 32.739,0 \t\"><\/polygon>\n\t<path d=\"M37.968,31.968c0-3.309-2.691-6-6-6s-6,2.691-6,6s2.691,6,6,6S37.968,35.276,37.968,31.968z M27.968,31.968\n\t\tc0-2.206,1.794-4,4-4s4,1.794,4,4s-1.794,4-4,4S27.968,34.173,27.968,31.968z\"><\/path>\n\t<polygon points=\"48.293,18.707 61.586,32 48.293,45.293 49.854,46.707 64,32.707 64,31.293 49.854,17.293 \t\"><\/polygon>\n\t<polygon points=\"15.675,18.675 14.114,17.261 0,31.228 0,32.642 14.179,46.675 15.666,45.261 2.377,31.935 \t\"><\/polygon>\n<\/g>\n<\/svg>\n<\/span><\/div>\n                <div data-colibri-id=\"4280-c10\" class=\"h-global-transition-all h-heading style-768 style-local-4280-c10 position-relative h-element\">\n                  <!---->\n                  <div class=\"h-heading__outer style-768 style-local-4280-c10\">\n                    <!---->\n                    <!---->\n                    <h4 class=\"\"><span style=\"font-family: Muli; font-weight: 800;\">Studio di fattibilit\u00e0<\/span><\/h4>\n                  <\/div>\n                <\/div>\n                <div data-colibri-id=\"4280-c11\" class=\"h-text h-text-component style-769 style-local-4280-c11 giustificato position-relative h-element\">\n                  <!---->\n                  <!---->\n                  <div class=\"\">\n                    <p><span style=\"font-family: Muli;\">preliminare su appuntamento, gratuito e riservato ai soci, per installare un impianto fotovoltaico. Il contatto \u00e8 senza impegno ed \u00e8 una libera scelta dell\u2019interessato decidere se, e con chi, realizzare l\u2019impianto.<\/span><\/p>\n                  <\/div>\n                <\/div>\n              <\/div>\n            <\/div>\n          <\/div>\n        <\/div>\n      <\/div>\n      <div data-colibri-id=\"4280-c12\" class=\"h-row-container gutters-row-lg-2 gutters-row-md-2 gutters-row-0 gutters-row-v-lg-2 gutters-row-v-md-2 gutters-row-v-2 style-765 style-local-4280-c12 position-relative\">\n        <!---->\n        <div class=\"h-row justify-content-lg-center justify-content-md-center justify-content-center align-items-lg-stretch align-items-md-stretch align-items-stretch gutters-col-lg-2 gutters-col-md-2 gutters-col-0 gutters-col-v-lg-2 gutters-col-v-md-2 gutters-col-v-2\">\n          <!---->\n          <div class=\"h-column h-column-container d-flex h-col-lg-6 h-col-md-6 h-col-12 style-792-outer style-local-4280-c13-outer\">\n            <div data-colibri-id=\"4280-c13\" class=\"d-flex h-flex-basis h-column__inner h-px-lg-2 h-px-md-2 h-px-2 v-inner-lg-2 v-inner-md-2 v-inner-2 style-792 style-local-4280-c13 position-relative\">\n              <!---->\n              <!---->\n              <div class=\"w-100 h-y-container h-column__content h-column__v-align flex-basis-100 align-self-lg-start align-self-md-start align-self-start\">\n                <!---->\n                <div data-colibri-id=\"4280-c14\" class=\"h-icon style-773 style-local-4280-c14 position-relative h-element\">\n                  <!----><span class=\"h-svg-icon h-icon__icon style-773-icon style-local-4280-c14-icon\"><!--Icon by Linea (http:\/\/linea.io)--><svg version=\"1.1\" id=\"Layer_1\" xmlns=\"http:\/\/www.w3.org\/2000\/svg\" xmlns:xlink=\"http:\/\/www.w3.org\/1999\/xlink\" x=\"0px\" y=\"0px\" viewBox=\"0 0 64 64\" enable-background=\"new 0 0 64 64\" xml:space=\"preserve\">\n<g>\n\t<polygon points=\"8.707,25.707 7.146,24.293 0,31.293 0,32.707 7.146,39.707 8.634,38.293 3.414,33 27,33 27,31 3.414,31 \t\"><\/polygon>\n\t<polygon points=\"37,33 60.586,33 55.293,38.293 56.854,39.707 64,32.707 64,31.293 56.854,24.293 55.366,25.707 60.586,31 37,31 \t\n\t\t\"><\/polygon>\n\t<polygon points=\"31.293,0 24.293,7.146 25.707,8.634 31,3.414 31,27 33,27 33,3.414 38.293,8.707 39.707,7.146 32.707,0 \t\"><\/polygon>\n\t<polygon points=\"31,37 31,60.586 25.707,55.293 24.293,56.854 31.293,64 32.707,64 39.707,56.854 38.293,55.366 33,60.586 33,37 \t\n\t\t\"><\/polygon>\n<\/g>\n<\/svg>\n<\/span><\/div>\n                <div data-colibri-id=\"4280-c15\" class=\"h-global-transition-all h-heading style-768 style-local-4280-c15 position-relative h-element\">\n                  <!---->\n                  <div class=\"h-heading__outer style-768 style-local-4280-c15\">\n                    <!---->\n                    <!---->\n                    <h4 class=\"\"><span style=\"font-family: Muli; font-weight: 800;\">Supporto<\/span><\/h4>\n                  <\/div>\n                <\/div>\n                <div data-colibri-id=\"4280-c16\" class=\"h-text h-text-component style-769 style-local-4280-c16 giustificato position-relative h-element\">\n                  <!---->\n                  <!---->\n                  <div class=\"\">\n                    <p><span style=\"font-family: Muli;\">nella lettura delle bollette elettriche e nella scelta del fornitore in base alle proprie abitudini di cosumo, avvalendosi del portale nazionale di <\/span>\n                      <a href=\"https:\/\/www.arera.it\" style=\"font-family: Muli; color: rgb(239, 133, 9);\"\n                        target=\"_blank\" class=\"customize-unpreviewable\">ARERA<\/a><span style=\"font-family: Muli;\">, l&#8217;Autorit\u00e0 di Regolazione per Energia, Reti e Ambiente.<\/span><\/p>\n                    <p>\n                      <br>\n                    <\/p>\n                    <p>\n                      <br>\n                    <\/p>\n                  <\/div>\n                <\/div>\n              <\/div>\n            <\/div>\n          <\/div>\n          <div class=\"h-column h-column-container d-flex h-col-lg-6 h-col-md-6 h-col-12 style-775-outer style-local-4280-c17-outer\">\n            <div data-colibri-id=\"4280-c17\" class=\"d-flex h-flex-basis h-column__inner h-px-lg-2 h-px-md-2 h-px-2 v-inner-lg-2 v-inner-md-2 v-inner-2 style-775 style-local-4280-c17 position-relative\">\n              <!---->\n              <!---->\n              <div class=\"w-100 h-y-container h-column__content h-column__v-align flex-basis-100 align-self-lg-start align-self-md-start align-self-start\">\n                <!---->\n                <div data-colibri-id=\"4280-c18\" class=\"h-icon style-776 style-local-4280-c18 position-relative h-element\">\n                  <!----><span class=\"h-svg-icon h-icon__icon style-776-icon style-local-4280-c18-icon\"><!--Icon by Linea (http:\/\/linea.io)--><svg version=\"1.1\" id=\"Layer_1\" xmlns=\"http:\/\/www.w3.org\/2000\/svg\" xmlns:xlink=\"http:\/\/www.w3.org\/1999\/xlink\" x=\"0px\" y=\"0px\" viewBox=\"0 0 64 64\" enable-background=\"new 0 0 64 64\" xml:space=\"preserve\">\n<g>\n\t<path d=\"M32,0C23.452,0,15.417,3.329,9.373,9.374C3.328,15.418-0.001,23.453-0.001,32s3.329,16.582,9.374,22.626\n\t\tC15.417,60.671,23.452,64,32,64c8.547,0,16.583-3.329,22.627-9.374c6.045-6.044,9.374-14.079,9.374-22.626\n\t\ts-3.329-16.582-9.374-22.626C48.583,3.329,40.547,0,32,0z M53.213,53.212C47.547,58.879,40.013,62,32,62\n\t\tc-8.014,0-15.547-3.121-21.213-8.788C5.12,47.546,1.999,40.013,1.999,32s3.121-15.546,8.788-21.212C16.453,5.121,23.986,2,32,2\n\t\tc8.013,0,15.547,3.121,21.213,8.788C58.88,16.454,62.001,23.987,62.001,32S58.88,47.546,53.213,53.212z\"><\/path>\n\t<path d=\"M32,8c-6.411,0-12.438,2.497-16.97,7.03C10.496,19.562,8,25.59,8,32s2.496,12.438,7.03,16.97\n\t\tC19.562,53.503,25.589,56,32,56c6.41,0,12.438-2.496,16.97-7.03C53.504,44.438,56,38.41,56,32s-2.496-12.438-7.03-16.97\n\t\tC44.438,10.496,38.41,8,32,8z M47.556,47.556C43.4,51.712,37.876,54,32,54c-5.877,0-11.401-2.288-15.556-6.444\n\t\tC12.288,43.4,10,37.876,10,32s2.288-11.4,6.444-15.556C20.599,12.288,26.123,10,32,10c5.876,0,11.4,2.288,15.556,6.444\n\t\tC51.712,20.6,54,26.124,54,32S51.712,43.4,47.556,47.556z\"><\/path>\n\t<path d=\"M32,16c-4.273,0-8.292,1.664-11.313,4.687C17.664,23.708,16,27.727,16,32s1.664,8.292,4.687,11.313\n\t\tC23.708,46.336,27.727,48,32,48s8.292-1.664,11.313-4.687C46.336,40.292,48,36.273,48,32s-1.664-8.292-4.687-11.313\n\t\tC40.292,17.664,36.273,16,32,16z M41.899,41.899C39.255,44.544,35.739,46,32,46s-7.255-1.456-9.899-4.101S18,35.739,18,32\n\t\ts1.456-7.255,4.101-9.899S28.261,18,32,18s7.255,1.456,9.899,4.101S46,28.261,46,32S44.544,39.255,41.899,41.899z\"><\/path>\n\t<path d=\"M32,24c-2.137,0-4.146,0.832-5.656,2.344C24.832,27.854,24,29.863,24,32s0.832,4.146,2.344,5.656\n\t\tC27.854,39.168,29.863,40,32,40s4.146-0.832,5.656-2.344C39.168,36.146,40,34.137,40,32s-0.832-4.146-2.344-5.656\n\t\tC36.146,24.832,34.137,24,32,24z M36.242,36.242C35.108,37.376,33.603,38,32,38s-3.108-0.624-4.242-1.758S26,33.603,26,32\n\t\ts0.624-3.108,1.758-4.242S30.397,26,32,26s3.108,0.624,4.242,1.758S38,30.397,38,32S37.376,35.108,36.242,36.242z\"><\/path>\n<\/g>\n<\/svg>\n<\/span><\/div>\n                <div data-colibri-id=\"4280-c19\" class=\"h-global-transition-all h-heading style-768 style-local-4280-c19 position-relative h-element\">\n                  <!---->\n                  <div class=\"h-heading__outer style-768 style-local-4280-c19\">\n                    <!---->\n                    <!---->\n                    <h4 class=\"\"><span style=\"font-family: Muli; font-weight: 800;\">Consulenza preliminare<\/span><\/h4>\n                  <\/div>\n                <\/div>\n                <div data-colibri-id=\"4280-c20\" class=\"h-text h-text-component style-769 style-local-4280-c20 giustificato position-relative h-element\">\n                  <!---->\n                  <!---->\n                  <div class=\"\">\n                    <p><span style=\"font-family: Muli;\">su appuntamento, a un prezzo calmierato per i soci, su interventi di efficientamento energetico dell\u2019immobile e con la garanzia di un\u2019opinione di un soggetto terzo esterno al processo di progettazione.<\/span><\/p>\n                  <\/div>\n                <\/div>\n              <\/div>\n            <\/div>\n          <\/div>\n        <\/div>\n      <\/div>\n    <\/div>\n  <\/div>\n<\/div>","protected":false},"excerpt":{"rendered":"<p>Tutti i nostri servizi sono indirizzati sia a persone fisiche sia ad aziende ed altri tipi di Enti. Vengono erogati principalmente in presenza presso i nostri sportelli al pubblico, nati per creare un punto di riferimento riguardo i temi energetici e la transizione energetica sui territori di lavoro della comunit\u00e0 energetica per tutti gli attori [&hellip;]<\/p>\n","protected":false},"author":1,"featured_media":0,"parent":0,"menu_order":0,"comment_status":"closed","ping_status":"closed","template":"page-templates\/full-width-page.php","meta":{"om_disable_all_campaigns":false,"_monsterinsights_skip_tracking":false,"_monsterinsights_sitenote_active":false,"_monsterinsights_sitenote_note":"","_monsterinsights_sitenote_category":0,"footnotes":""},"class_list":["post-4280","page","type-page","status-publish","hentry"],"aioseo_notices":[],"_links":{"self":[{"href":"https:\/\/www.koncert.it\/index.php?rest_route=\/wp\/v2\/pages\/4280","targetHints":{"allow":["GET"]}}],"collection":[{"href":"https:\/\/www.koncert.it\/index.php?rest_route=\/wp\/v2\/pages"}],"about":[{"href":"https:\/\/www.koncert.it\/index.php?rest_route=\/wp\/v2\/types\/page"}],"author":[{"embeddable":true,"href":"https:\/\/www.koncert.it\/index.php?rest_route=\/wp\/v2\/users\/1"}],"replies":[{"embeddable":true,"href":"https:\/\/www.koncert.it\/index.php?rest_route=%2Fwp%2Fv2%2Fcomments&post=4280"}],"version-history":[{"count":15,"href":"https:\/\/www.koncert.it\/index.php?rest_route=\/wp\/v2\/pages\/4280\/revisions"}],"predecessor-version":[{"id":7280,"href":"https:\/\/www.koncert.it\/index.php?rest_route=\/wp\/v2\/pages\/4280\/revisions\/7280"}],"wp:attachment":[{"href":"https:\/\/www.koncert.it\/index.php?rest_route=%2Fwp%2Fv2%2Fmedia&parent=4280"}],"curies":[{"name":"wp","href":"https:\/\/api.w.org\/{rel}","templated":true}]}}